{"id":40,"date":"2017-08-12T11:14:37","date_gmt":"2017-08-12T11:14:37","guid":{"rendered":"http:\/\/wladyslawowopokoje.pl\/?page_id=40"},"modified":"2022-07-27T11:51:55","modified_gmt":"2022-07-27T11:51:55","slug":"regulamin","status":"publish","type":"page","link":"https:\/\/atolpokoje.com\/?page_id=40","title":{"rendered":"Regulamin"},"content":{"rendered":"\t\t<div data-elementor-type=\"wp-post\" data-elementor-id=\"40\" class=\"elementor elementor-40\">\n\t\t\t\t\t\t<div class=\"elementor-inner\">\n\t\t\t\t<div class=\"elementor-section-wrap\">\n\t\t\t\t\t\t\t\t\t<section class=\"elementor-section elementor-top-section elementor-element elementor-element-d447a2d elementor-section-stretched elementor-section-full_width elementor-section-content-top elementor-section-height-default elementor-section-height-default\" data-id=\"d447a2d\" data-element_type=\"section\" data-settings=\"{&quot;background_background&quot;:&quot;classic&quot;,&quot;shape_divider_bottom&quot;:&quot;curve&quot;,&quot;shape_divider_bottom_negative&quot;:&quot;yes&quot;,&quot;stretch_section&quot;:&quot;section-stretched&quot;}\">\n\t\t\t\t\t\t\t<div class=\"elementor-background-overlay\"><\/div>\n\t\t\t\t\t\t<div class=\"elementor-shape elementor-shape-bottom\" data-negative=\"true\">\n\t\t\t<svg xmlns=\"http:\/\/www.w3.org\/2000\/svg\" viewBox=\"0 0 1000 100\" preserveAspectRatio=\"none\">\n\t<path class=\"elementor-shape-fill\" d=\"M500,97C126.7,96.3,0.8,19.8,0,0v100l1000,0V1C1000,19.4,873.3,97.8,500,97z\"\/>\n<\/svg>\t\t<\/div>\n\t\t\t\t\t<div class=\"elementor-container elementor-column-gap-no\">\n\t\t\t\t\t\t\t<div class=\"elementor-row\">\n\t\t\t\t\t<div class=\"elementor-column elementor-col-100 elementor-top-column elementor-element elementor-element-f4c23f8\" data-id=\"f4c23f8\" data-element_type=\"column\">\n\t\t\t<div class=\"elementor-column-wrap elementor-element-populated\">\n\t\t\t\t\t\t\t<div class=\"elementor-widget-wrap\">\n\t\t\t\t\t\t<div class=\"elementor-element elementor-element-055e604 elementor-widget elementor-widget-heading\" data-id=\"055e604\" data-element_type=\"widget\" data-widget_type=\"heading.default\">\n\t\t\t\t<div class=\"elementor-widget-container\">\n\t\t\t<h1 class=\"elementor-heading-title elementor-size-default\">REGULAMIN DOMK\u00d3W<\/h1>\t\t<\/div>\n\t\t\t\t<\/div>\n\t\t\t\t<div class=\"elementor-element elementor-element-9aea44d elementor-widget-divider--view-line elementor-widget elementor-widget-divider\" data-id=\"9aea44d\" data-element_type=\"widget\" data-widget_type=\"divider.default\">\n\t\t\t\t<div class=\"elementor-widget-container\">\n\t\t\t\t\t<div class=\"elementor-divider\">\n\t\t\t<span class=\"elementor-divider-separator\">\n\t\t\t\t\t\t<\/span>\n\t\t<\/div>\n\t\t\t\t<\/div>\n\t\t\t\t<\/div>\n\t\t\t\t\t\t<\/div>\n\t\t\t\t\t<\/div>\n\t\t<\/div>\n\t\t\t\t\t\t\t\t<\/div>\n\t\t\t\t\t<\/div>\n\t\t<\/section>\n\t\t\t\t<section class=\"elementor-section elementor-top-section elementor-element elementor-element-1136c881 elementor-section-boxed elementor-section-height-default elementor-section-height-default\" data-id=\"1136c881\" data-element_type=\"section\">\n\t\t\t\t\t\t<div class=\"elementor-container elementor-column-gap-default\">\n\t\t\t\t\t\t\t<div class=\"elementor-row\">\n\t\t\t\t\t<div class=\"elementor-column elementor-col-100 elementor-top-column elementor-element elementor-element-2460d95c\" data-id=\"2460d95c\" data-element_type=\"column\">\n\t\t\t<div class=\"elementor-column-wrap elementor-element-populated\">\n\t\t\t\t\t\t\t<div class=\"elementor-widget-wrap\">\n\t\t\t\t\t\t<div class=\"elementor-element elementor-element-41e071c2 elementor-widget elementor-widget-text-editor\" data-id=\"41e071c2\" data-element_type=\"widget\" data-widget_type=\"text-editor.default\">\n\t\t\t\t<div class=\"elementor-widget-container\">\n\t\t\t\t\t\t\t\t<div class=\"elementor-text-editor elementor-clearfix\">\n\t\t\t\t<h1 align=\"center\"><strong>REGULAMIN POBYTU GO\u015aCI W DOMKACH GO\u015aCINNYCH<\/strong><\/h1>\n<p><\/p>\n<p>Witamy w domkach holenderskich Atol. Aby zapewni\u0107 Pa\u0144stwu maksymalne zadowolenie z pobytu oraz bezpiecze\u0144stwo, prosimy zapozna\u0107 si\u0119 z regulaminem obowi\u0105zuj\u0105cym na terenie obiektu.<\/p>\n<ul>\n<li>Doba rozpoczyna si\u0119 <strong>o godzinie 14.00<\/strong> w dniu przyjazdu&nbsp;a ko\u0144czy <strong>o godzinie 10.00<\/strong> w dniu wyjazdu.<\/li>\n<li>Go\u015bcie przebywaj\u0105cy w domkach Atol proszeni s\u0105 o przestrzeganie zasad bezpiecze\u0144stwa i kulturalny wypoczynek.<\/li>\n<li>Wpis do ksi\u0105\u017cki meldunkowej oraz op\u0142at\u0119 za pobyt nale\u017cy uregulowa\u0107 w dniu przyjazdu.<\/li>\n<li>Go\u015b\u0107 mo\u017ce korzysta\u0107 bez dodatkowej op\u0142aty z domku w godzinach wcze\u015bniejszych lub pozosta\u0107 d\u0142u\u017cej, je\u017celi domek jest wolny i jest na to zgoda obs\u0142ugi obiektu.<\/li>\n<li>Go\u015b\u0107 ma prawo pozostawienia swojego baga\u017cu w miejscu wskazanym przez gospodarza do ko\u0144ca ostatniego dnia pobytu, bez dodatkowej op\u0142aty.<\/li>\n<li>Go\u015b\u0107 powinien u\u017cywa\u0107 domek zgodnie z jego przeznaczeniem, to znaczy dla w\u0142asnych potrzeb zamieszkania i wypoczynku.<\/li>\n<li>Obiekt jest monitorowany 24H.<\/li>\n<li>W\u0142a\u015bciciel o\u015brodka nie ponosi odpowiedzialno\u015bci za rzeczy pozostawione w domkach i na terenie obiektu.<\/li>\n<li>Po godz. 22.00 osoby nie zameldowane na terenie o\u015brodka musz\u0105 opu\u015bci\u0107 powy\u017cszy obiekt.<\/li>\n<li>Na terenie obiektu jest ca\u0142kowity zakaz rozbijania namiot\u00f3w.<\/li>\n<li>W godzinach<strong> 23.00 do 7.00<\/strong> w domkach i na terenie obiektu nale\u017cy zachowa\u0107 &nbsp;cisz\u0119 nocn\u0105.<\/li>\n<li>Ze wzgl\u0119du na bezpiecze\u0144stwo przeciwpo\u017carowe w domku zabrania si\u0119:\n<p>a. Palenia papieros\u00f3w w domkach<br>b. Rzucania niedopa\u0142k\u00f3w lub zapa\u0142ek pod domek lub obok domku<br>c. U\u017cywania grzejnik\u00f3w elektrycznych, grza\u0142ek oraz kuchenek elektrycznych i gazowych (nienale\u017c\u0105cych do wyposa\u017cenia domk\u00f3w).<br>d. U\u017cywania w domkach otwartego ognia (\u015bwieczki itd.)<br>e. Przed opuszczeniem domku sprawdzi\u0107 i wy\u0142\u0105czy\u0107 wszystkie urz\u0105dzenia elektryczne i gazowe. (kuchenka, czajnik, o\u015bwietlenie itd). Zamknij zaw\u00f3r pieca gazowego.<\/p>\n<\/li>\n<li>Go\u015b\u0107 otrzymuje do swej dyspozycji klucze od domku i od furtki wej\u015bciowej na teren obiektu.&nbsp; Klucze&nbsp; nale\u017cy&nbsp;zwr\u00f3ci\u0107 w chwili zako\u0144czenia pobytu.<\/li>\n<li>W domkach szczeg\u00f3ln\u0105 uwag\u0105 jest instalacja gazowa dlatego prosimy zachowa\u0107 szczeg\u00f3lne bezpiecze\u0144stwo i zapozna\u0107 si\u0119 z dok\u0142adnymi wytycznymi co do u\u017cywania tej instalacji.<\/li>\n<li><b>Pobyt z pieskiem<\/b>&nbsp;w naszym o\u015brodku jest dozwolony w przypadku zg\u0142oszenia takiego przyjazdu i potwierdzenia w SMS-ie przez w\u0142a\u015bciciela, \u017ce taki przyjazd jest uzgodniony. W\u0142a\u015bciciel czworonoga ma obowi\u0105zek pilnowania swojego pieska, nie puszczania go wolno po o\u015brodku oraz sprz\u0105tania po nim.<\/li>\n<li>Bezwarunkowy zakaz przebywania zwierz\u0105t w po\u015bcieli, kt\u00f3ra jest w\u0142asno\u015bci\u0105 o\u015brodka. Je\u015bli po\u015bciel w domku, w kt\u00f3rym przebywa pies b\u0119dzie przez niego zabrudzona (b\u0142oto, sier\u015b\u0107) lub uszkodzona, w\u0142a\u015bciciel jest zobowi\u0105zany do odkupienia ca\u0142ych komplet\u00f3w po\u015bcieli w cenie 100 z\u0142 za jeden komplet.&nbsp;<\/li>\n<li style=\"margin: 0px; padding: 0px; text-align: justify;\">Wszystkie szkody w mieniu o\u015brodka, b\u0105d\u017a mieniu innych go\u015bci spowodowane przez psa b\u0119d\u0105 wyceniane, a ich kosztami b\u0119d\u0105 obci\u0105\u017ceni w\u0142a\u015bciciele. <b>Kaucja za pobyt z psem 200 z\u0142.<\/b><\/li>\n<li style=\"margin: 0px; padding: 0px; text-align: justify;\"><b>Nie przyjmujemy do o\u015brodka kot\u00f3w.<\/b><\/li>\n<\/ul>\n<div style=\"text-align: justify;\"><b><br><\/b><\/div>\n<div style=\"text-align: justify;\"><u style=\"font-weight: bold;\">Zadatek na poczet rezerwacji.<\/u><br>Wp\u0142ata zadatku na poczet rezerwacji w naszym o\u015brodku pobierana jest w wysoko\u015bci 30% warto\u015bci ca\u0142ego pobytu. Zadatek jest to kwota , kt\u00f3ra pozwala nam dobrze rozplanowa\u0107 pobyt w naszych domkach i zabezpieczy\u0107 co do rezerwacji ustalonych termin\u00f3w.&nbsp;<br>Zwrot zadatku jest mo\u017cliwy 100% do 45 dni przed przyjazdem, 50% kwoty od 45 do 20 dni przed przyjazdem. Zadatek nie jest zwracany 20 dni przed przyjazdem go\u015bci.<\/div>\t\t\t\t\t<\/div>\n\t\t\t\t\t\t<\/div>\n\t\t\t\t<\/div>\n\t\t\t\t\t\t<\/div>\n\t\t\t\t\t<\/div>\n\t\t<\/div>\n\t\t\t\t\t\t\t\t<\/div>\n\t\t\t\t\t<\/div>\n\t\t<\/section>\n\t\t\t\t\t\t\t\t\t<\/div>\n\t\t\t<\/div>\n\t\t\t\t\t<\/div>\n\t\t","protected":false},"excerpt":{"rendered":"<p>REGULAMIN DOMK\u00d3W REGULAMIN POBYTU GO\u015aCI W DOMKACH GO\u015aCINNYCH Witamy w domkach holenderskich Atol. Aby zapewni\u0107 Pa\u0144stwu maksymalne zadowolenie z pobytu oraz bezpiecze\u0144stwo, prosimy zapozna\u0107 si\u0119 z regulaminem obowi\u0105zuj\u0105cym na terenie obiektu. Doba rozpoczyna si\u0119 o godzinie 14.00 w dniu przyjazdu&nbsp;a ko\u0144czy o godzinie 10.00 w dniu wyjazdu. Go\u015bcie przebywaj\u0105cy w domkach Atol proszeni s\u0105 o&hellip;<\/p>\n","protected":false},"author":1,"featured_media":0,"parent":0,"menu_order":0,"comment_status":"closed","ping_status":"closed","template":"","meta":[],"yoast_head":"<!-- This site is optimized with the Yoast SEO plugin v14.9 - https:\/\/yoast.com\/wordpress\/plugins\/seo\/ -->\n<title>Domki we W\u0142adys\u0142awowie - Regulamin Domki w\u0142adys\u0142awowo<\/title>\n<meta name=\"description\" content=\"Domki. Regulamin pobytu w domkach holenderskich we W\u0142adys\u0142awowie. Wakacje nad morzem w domkach letniskowych, W\u0142adys\u0142awowo. Zapraszamy.\" \/>\n<meta name=\"robots\" content=\"index, follow, max-snippet:-1, max-image-preview:large, max-video-preview:-1\" \/>\n<link rel=\"canonical\" href=\"http:\/\/atolpokoje.com\/?page_id=40\" \/>\n<meta property=\"og:locale\" content=\"pl_PL\" \/>\n<meta property=\"og:type\" content=\"article\" \/>\n<meta property=\"og:title\" content=\"Domki we W\u0142adys\u0142awowie - Regulamin Domki w\u0142adys\u0142awowo\" \/>\n<meta property=\"og:description\" content=\"Domki. Regulamin pobytu w domkach holenderskich we W\u0142adys\u0142awowie. Wakacje nad morzem w domkach letniskowych, W\u0142adys\u0142awowo. Zapraszamy.\" \/>\n<meta property=\"og:url\" content=\"http:\/\/atolpokoje.com\/?page_id=40\" \/>\n<meta property=\"og:site_name\" content=\"Domki w\u0142adys\u0142awowo\" \/>\n<meta property=\"article:modified_time\" content=\"2022-07-27T11:51:55+00:00\" \/>\n<meta name=\"twitter:card\" content=\"summary_large_image\" \/>\n<script type=\"application\/ld+json\" class=\"yoast-schema-graph\">{\"@context\":\"https:\/\/schema.org\",\"@graph\":[{\"@type\":\"WebSite\",\"@id\":\"https:\/\/atolpokoje.com\/#website\",\"url\":\"https:\/\/atolpokoje.com\/\",\"name\":\"Domki w\\u0142adys\\u0142awowo\",\"description\":\"Domki letniskowe\",\"potentialAction\":[{\"@type\":\"SearchAction\",\"target\":\"https:\/\/atolpokoje.com\/?s={search_term_string}\",\"query-input\":\"required name=search_term_string\"}],\"inLanguage\":\"pl-PL\"},{\"@type\":\"WebPage\",\"@id\":\"http:\/\/atolpokoje.com\/?page_id=40#webpage\",\"url\":\"http:\/\/atolpokoje.com\/?page_id=40\",\"name\":\"Domki we W\\u0142adys\\u0142awowie - Regulamin Domki w\\u0142adys\\u0142awowo\",\"isPartOf\":{\"@id\":\"https:\/\/atolpokoje.com\/#website\"},\"datePublished\":\"2017-08-12T11:14:37+00:00\",\"dateModified\":\"2022-07-27T11:51:55+00:00\",\"description\":\"Domki. Regulamin pobytu w domkach holenderskich we W\\u0142adys\\u0142awowie. Wakacje nad morzem w domkach letniskowych, W\\u0142adys\\u0142awowo. Zapraszamy.\",\"inLanguage\":\"pl-PL\",\"potentialAction\":[{\"@type\":\"ReadAction\",\"target\":[\"http:\/\/atolpokoje.com\/?page_id=40\"]}]}]}<\/script>\n<!-- \/ Yoast SEO plugin. -->","_links":{"self":[{"href":"https:\/\/atolpokoje.com\/index.php?rest_route=\/wp\/v2\/pages\/40"}],"collection":[{"href":"https:\/\/atolpokoje.com\/index.php?rest_route=\/wp\/v2\/pages"}],"about":[{"href":"https:\/\/atolpokoje.com\/index.php?rest_route=\/wp\/v2\/types\/page"}],"author":[{"embeddable":true,"href":"https:\/\/atolpokoje.com\/index.php?rest_route=\/wp\/v2\/users\/1"}],"replies":[{"embeddable":true,"href":"https:\/\/atolpokoje.com\/index.php?rest_route=%2Fwp%2Fv2%2Fcomments&post=40"}],"version-history":[{"count":30,"href":"https:\/\/atolpokoje.com\/index.php?rest_route=\/wp\/v2\/pages\/40\/revisions"}],"predecessor-version":[{"id":662,"href":"https:\/\/atolpokoje.com\/index.php?rest_route=\/wp\/v2\/pages\/40\/revisions\/662"}],"wp:attachment":[{"href":"https:\/\/atolpokoje.com\/index.php?rest_route=%2Fwp%2Fv2%2Fmedia&parent=40"}],"curies":[{"name":"wp","href":"https:\/\/api.w.org\/{rel}","templated":true}]}}